{"id":3662,"date":"2025-03-18T17:03:03","date_gmt":"2025-03-18T22:03:03","guid":{"rendered":"https:\/\/dev.cancuncosmeticdentistry.com\/contacta-con-nosotros\/"},"modified":"2025-03-18T18:21:07","modified_gmt":"2025-03-18T23:21:07","slug":"contactanos","status":"publish","type":"page","link":"https:\/\/www.cancuncosmeticdentistry.com\/es-us\/contactanos\/","title":{"rendered":"Contacta con nosotros"},"content":{"rendered":"<p><span><img decoding=\"async\" alt=\"\" data-id=\"454\" width=\"100\" data-init-width=\"300\" height=\"127\" data-init-height=\"381\" title=\"CCD_voted1_400px\" src=\"https:\/\/www.cancuncosmeticdentistry.com\/wp-content\/uploads\/2025\/02\/CCD_voted1_400px-1-2.webp\" data-width=\"100\" data-height=\"127\" style=\"aspect-ratio: auto 300 \/ 381;\" data-link-wrap=\"true\" data-pagespeed-url-hash=\"3033312466\" onload=\"pagespeed.CriticalImages.checkImageForCriticality(this);\" loading=\"lazy\"><\/span><span><img decoding=\"async\" alt=\"\" data-id=\"173\" width=\"100\" data-init-width=\"158\" height=\"100\" data-init-height=\"158\" title=\"happy-patients\" src=\"https:\/\/www.cancuncosmeticdentistry.com\/wp-content\/uploads\/2025\/02\/happy-patients-1-2.webp\" data-width=\"100\" data-height=\"100\" style=\"aspect-ratio: auto 158 \/ 158;\" data-pagespeed-url-hash=\"655776566\" onload=\"pagespeed.CriticalImages.checkImageForCriticality(this);\" loading=\"lazy\"><\/span><span><a href=\"https:\/\/www.aboi.org\/diplomate\/516\/german-arzate\" target=\"_blank\" rel=\"noopener\"><img decoding=\"async\" alt=\"\" data-id=\"207\" width=\"100\" data-init-width=\"352\" height=\"96\" data-init-height=\"327\" title=\"ABOI\" src=\"https:\/\/www.cancuncosmeticdentistry.com\/wp-content\/uploads\/2024\/10\/ABOI.webp\" data-width=\"100\" data-height=\"96\" style=\"aspect-ratio: auto 352 \/ 327;\" data-link-wrap=\"true\" data-pagespeed-url-hash=\"2213040789\" onload=\"pagespeed.CriticalImages.checkImageForCriticality(this);\" loading=\"lazy\"><\/a><\/span><\/p>\n<h1 style=\"text-align: center;\"><span style=\"\">Cont\u00e1ctanos y reserva tu cita<\/span><\/h1>\n<p><span><img decoding=\"async\" alt=\"\" data-id=\"454\" width=\"100\" data-init-width=\"300\" height=\"127\" data-init-height=\"381\" title=\"CCD_voted1_400px\" src=\"https:\/\/www.cancuncosmeticdentistry.com\/wp-content\/uploads\/2025\/02\/CCD_voted1_400px-1-2.webp\" data-width=\"100\" data-height=\"127\" style=\"aspect-ratio: auto 300 \/ 381;\" data-link-wrap=\"true\" data-pagespeed-url-hash=\"3033312466\" onload=\"pagespeed.CriticalImages.checkImageForCriticality(this);\" loading=\"lazy\"><\/span><span><img decoding=\"async\" alt=\"\" data-id=\"173\" width=\"84\" data-init-width=\"158\" height=\"84\" data-init-height=\"158\" title=\"happy-patients\" src=\"https:\/\/www.cancuncosmeticdentistry.com\/wp-content\/uploads\/2025\/02\/happy-patients-1-2.webp\" data-width=\"84\" data-height=\"84\" style=\"aspect-ratio: auto 158 \/ 158;\" data-pagespeed-url-hash=\"655776566\" onload=\"pagespeed.CriticalImages.checkImageForCriticality(this);\" loading=\"lazy\"><\/span><span><a href=\"https:\/\/www.aboi.org\/diplomate\/516\/german-arzate\" target=\"_blank\" rel=\"noopener\"><img decoding=\"async\" alt=\"\" data-id=\"459\" width=\"100\" data-init-width=\"393\" height=\"96\" data-init-height=\"376\" title=\"ABOI-cert\" src=\"https:\/\/www.cancuncosmeticdentistry.com\/wp-content\/uploads\/2025\/02\/ABOI-cert-1-2.webp\" data-width=\"100\" data-height=\"96\" style=\"aspect-ratio: auto 393 \/ 376;\" data-link-wrap=\"true\" data-pagespeed-url-hash=\"2213040789\" onload=\"pagespeed.CriticalImages.checkImageForCriticality(this);\" loading=\"lazy\"><\/a><\/span><\/p>\n<h2 style=\"text-align: center;\">\u00a1Tu sonrisa perfecta en Canc\u00fan est\u00e1 a un paso!<\/h2>\n<p><span style=\"--tcb-applied-color: rgb(255, 255, 255) !important; color: rgb(255, 255, 255) !important;\">Plaza Malec\u00f3n Am\u00e9ricas, Av. Bonampak Supermanzana 6 Local 101A, 77503 Canc\u00fan, Q.R., Mexico.<\/span><\/p>\n<p><span style=\"color: rgb(255, 255, 255) !important;\"><span style=\"--tcb-applied-color: rgb(255, 255, 255) !important;\"><em><span>A la entrada de la zona hotelera.<\/span><\/em><\/span><\/span><\/p>\n<p><span><span style=\"color: rgb(255, 255, 255) !important;\"><span style=\"--tcb-applied-color: rgb(255, 255, 255) !important;\">Lunes a S\u00e1bado:&nbsp;<strong>9<\/strong><\/span><\/span><strong><span style=\"--tcb-applied-color: rgb(255, 255, 255) !important; color: rgb(255, 255, 255) !important;\">:00AM &#8211; 6:00PM.<\/span><\/strong><\/span><\/p>\n\n<div class=\"wpcf7 no-js\" id=\"wpcf7-f3637-o1\" lang=\"es-US\" dir=\"ltr\" data-wpcf7-id=\"3637\">\n<div class=\"screen-reader-response\"><p role=\"status\" aria-live=\"polite\" aria-atomic=\"true\"><\/p> <ul><\/ul><\/div>\n<form action=\"\/es-us\/wp-json\/wp\/v2\/pages\/3662#wpcf7-f3637-o1\" method=\"post\" class=\"wpcf7-form init wpcf7-acceptance-as-validation\" aria-label=\"Contact form\" enctype=\"multipart\/form-data\" novalidate=\"novalidate\" data-status=\"init\">\n<fieldset class=\"hidden-fields-container\"><input type=\"hidden\" name=\"_wpcf7\" value=\"3637\" \/><input type=\"hidden\" name=\"_wpcf7_version\" value=\"6.1.5\" \/><input type=\"hidden\" name=\"_wpcf7_locale\" value=\"es_US\" \/><input type=\"hidden\" name=\"_wpcf7_unit_tag\" value=\"wpcf7-f3637-o1\" \/><input type=\"hidden\" name=\"_wpcf7_container_post\" value=\"0\" \/><input type=\"hidden\" name=\"_wpcf7_posted_data_hash\" value=\"\" \/><input type=\"hidden\" name=\"_wpcf7_recaptcha_response\" value=\"\" \/>\n<\/fieldset>\n<p><label> Nombre<br \/>\n<span class=\"wpcf7-form-control-wrap\" data-name=\"patient-name\"><input size=\"40\" maxlength=\"400\" class=\"wpcf7-form-control wpcf7-text wpcf7-validates-as-required\" autocomplete=\"name\" aria-required=\"true\" aria-invalid=\"false\" placeholder=\"Tu nombre\" value=\"\" type=\"text\" name=\"patient-name\" \/><\/span> <\/label>\n<\/p>\n<p><label> Correo electr\u00f3nico<br \/>\n<span class=\"wpcf7-form-control-wrap\" data-name=\"patient-email\"><input size=\"40\" maxlength=\"400\" class=\"wpcf7-form-control wpcf7-email wpcf7-validates-as-required wpcf7-text wpcf7-validates-as-email\" autocomplete=\"email\" aria-required=\"true\" aria-invalid=\"false\" placeholder=\"Tu correo electr\u00f3nico\" value=\"\" type=\"email\" name=\"patient-email\" \/><\/span> <\/label>\n<\/p>\n<p><label> Tel\u00e9fono<br \/>\n<span class=\"wpcf7-form-control-wrap\" data-name=\"patient-phone\"><input size=\"40\" maxlength=\"400\" class=\"wpcf7-form-control wpcf7-tel wpcf7-validates-as-required wpcf7-text wpcf7-validates-as-tel\" autocomplete=\"phone\" aria-required=\"true\" aria-invalid=\"false\" placeholder=\"Tu tel\u00e9fono\" value=\"\" type=\"tel\" name=\"patient-phone\" \/><\/span> <\/label>\n<\/p>\n<p><label> Radiograf\u00edas (Opcional*)<br \/>\n<span class=\"wpcf7-form-control-wrap\" data-name=\"patient-xrays\"><input size=\"40\" class=\"wpcf7-form-control wpcf7-file\" id=\"xrays\" accept=\".doc,.docx,.ppt,.pptx,.pdf,.odt,.png,.jpg,.jpeg,.webp,.zip,.rar,.gzip,.tar\" aria-invalid=\"false\" type=\"file\" name=\"patient-xrays\" \/><\/span> <\/label>\n<\/p>\n<p><label> Cu\u00e9ntanos todo sobre tus necesidades o preocupaciones dentales<br \/>\n<span class=\"wpcf7-form-control-wrap\" data-name=\"patient-message\"><textarea cols=\"40\" rows=\"10\" maxlength=\"2000\" class=\"wpcf7-form-control wpcf7-textarea wpcf7-validates-as-required\" aria-required=\"true\" aria-invalid=\"false\" placeholder=\"Escribe aqu\u00ed tu mensaje\" name=\"patient-message\"><\/textarea><\/span> <\/label>\n<\/p>\n<p><span class=\"wpcf7-form-control-wrap\" data-name=\"acceptance-marketing\"><span class=\"wpcf7-form-control wpcf7-acceptance optional\"><span class=\"wpcf7-list-item\"><label><input type=\"checkbox\" name=\"acceptance-marketing\" value=\"1\" aria-invalid=\"false\" \/><span class=\"wpcf7-list-item-label\">Acepto recibir llamadas promocionales de Cancun Cosmetic Dentistry sobre ofertas, descuentos y eventos. <small><br\/>La frecuencia de los mensajes var\u00eda. Se puede desuscribir en cualquier momento..<\/small><\/span><\/label><\/span><\/span><\/span>\n<\/p>\n<p><span class=\"wpcf7-form-control-wrap\" data-name=\"acceptance-privacy\"><span class=\"wpcf7-form-control wpcf7-acceptance\"><span class=\"wpcf7-list-item\"><label><input type=\"checkbox\" name=\"acceptance-privacy\" value=\"1\" aria-invalid=\"false\" \/><span class=\"wpcf7-list-item-label\">He le\u00eddo y acepto el  <a href=\"https:\/\/www.cancuncosmeticdentistry.com\/es-us\/aviso-de-privacidad\/\" target=\"_blank\" style=\"font-size: 1rem; color: black !important; text-decoration: underline;\">Aviso de Privacidad y los T\u00e9rminos y Condiciones<\/a><\/span><\/label><\/span><\/span><\/span>\n<\/p>\n<p><input class=\"wpcf7-form-control wpcf7-submit has-spinner\" type=\"submit\" value=\"Empieza hoy la transformaci\u00f3n de tu sonrisa\" \/>\n<\/p><div class=\"wpcf7-response-output\" aria-hidden=\"true\"><\/div>\n<\/form>\n<\/div>\n\n<p><strong>*<\/strong><strong>\u00bfTienes radiograf\u00edas?<\/strong><\/p>\n<p>Env\u00edalas y recibir\u00e1s en menos de 24 horas un video diagn\u00f3stico personalizado del Dr. Germ\u00e1n explicando tu camino hacia la sonrisa que siempre has deseado, sin ning\u00fan compromiso.<\/p>\n","protected":false},"excerpt":{"rendered":"<p>Cont\u00e1ctanos y reserva tu cita \u00a1Tu sonrisa perfecta en Canc\u00fan est\u00e1 a un paso! Plaza Malec\u00f3n Am\u00e9ricas, Av. Bonampak Supermanzana 6 Local 101A, 77503 Canc\u00fan, Q.R., Mexico. A la entrada de la zona hotelera. Lunes a S\u00e1bado:&nbsp;9:00AM &#8211; 6:00PM. *\u00bfTienes radiograf\u00edas? Env\u00edalas y recibir\u00e1s en menos de 24 horas un video diagn\u00f3stico personalizado del Dr. [&hellip;]<\/p>\n","protected":false},"author":1,"featured_media":0,"parent":0,"menu_order":0,"comment_status":"closed","ping_status":"closed","template":"","meta":{"footnotes":""},"class_list":["post-3662","page","type-page","status-publish","hentry","post-wrapper","thrv_wrapper"],"_links":{"self":[{"href":"https:\/\/www.cancuncosmeticdentistry.com\/es-us\/wp-json\/wp\/v2\/pages\/3662","targetHints":{"allow":["GET"]}}],"collection":[{"href":"https:\/\/www.cancuncosmeticdentistry.com\/es-us\/wp-json\/wp\/v2\/pages"}],"about":[{"href":"https:\/\/www.cancuncosmeticdentistry.com\/es-us\/wp-json\/wp\/v2\/types\/page"}],"author":[{"embeddable":true,"href":"https:\/\/www.cancuncosmeticdentistry.com\/es-us\/wp-json\/wp\/v2\/users\/1"}],"replies":[{"embeddable":true,"href":"https:\/\/www.cancuncosmeticdentistry.com\/es-us\/wp-json\/wp\/v2\/comments?post=3662"}],"version-history":[{"count":3,"href":"https:\/\/www.cancuncosmeticdentistry.com\/es-us\/wp-json\/wp\/v2\/pages\/3662\/revisions"}],"predecessor-version":[{"id":3694,"href":"https:\/\/www.cancuncosmeticdentistry.com\/es-us\/wp-json\/wp\/v2\/pages\/3662\/revisions\/3694"}],"wp:attachment":[{"href":"https:\/\/www.cancuncosmeticdentistry.com\/es-us\/wp-json\/wp\/v2\/media?parent=3662"}],"curies":[{"name":"wp","href":"https:\/\/api.w.org\/{rel}","templated":true}]}}