{"id":2897,"date":"2025-02-22T00:54:05","date_gmt":"2025-02-22T05:54:05","guid":{"rendered":"https:\/\/dev.cancuncosmeticdentistry.com\/makeovers-de-sonrisas-en-cancun\/"},"modified":"2025-03-18T22:39:26","modified_gmt":"2025-03-19T03:39:26","slug":"makeovers-de-sonrisas-en-cancun","status":"publish","type":"page","link":"https:\/\/www.cancuncosmeticdentistry.com\/es-us\/makeovers-de-sonrisas-en-cancun\/","title":{"rendered":"Makeovers de Sonrisas en Cancun"},"content":{"rendered":"<p><span><img decoding=\"async\" alt=\"\" data-id=\"454\" width=\"100\" data-init-width=\"300\" height=\"127\" data-init-height=\"381\" title=\"CCD_voted1_400px\" src=\"https:\/\/www.cancuncosmeticdentistry.com\/wp-content\/uploads\/2025\/02\/CCD_voted1_400px-1-2.webp\" data-width=\"100\" data-height=\"127\" style=\"aspect-ratio: auto 300 \/ 381;\" data-link-wrap=\"true\" data-pagespeed-url-hash=\"3033312466\" onload=\"pagespeed.CriticalImages.checkImageForCriticality(this);\" loading=\"lazy\"><\/span><span><img decoding=\"async\" alt=\"\" data-id=\"173\" width=\"84\" data-init-width=\"158\" height=\"84\" data-init-height=\"158\" title=\"happy-patients\" src=\"https:\/\/www.cancuncosmeticdentistry.com\/wp-content\/uploads\/2025\/02\/happy-patients-1-2.webp\" data-width=\"84\" data-height=\"84\" style=\"aspect-ratio: auto 158 \/ 158;\" data-pagespeed-url-hash=\"655776566\" onload=\"pagespeed.CriticalImages.checkImageForCriticality(this);\" loading=\"lazy\"><\/span><span><a href=\"https:\/\/www.aboi.org\/diplomate\/516\/german-arzate\" target=\"_blank\" rel=\"noopener\"><img decoding=\"async\" alt=\"\" data-id=\"459\" width=\"84\" data-init-width=\"393\" height=\"80\" data-init-height=\"376\" title=\"ABOI-cert\" src=\"https:\/\/www.cancuncosmeticdentistry.com\/wp-content\/uploads\/2025\/02\/ABOI-cert-1-2.webp\" data-width=\"84\" data-height=\"80\" style=\"aspect-ratio: auto 393 \/ 376;\" data-link-wrap=\"true\" data-pagespeed-url-hash=\"2213040789\" onload=\"pagespeed.CriticalImages.checkImageForCriticality(this);\" loading=\"lazy\"><\/a><\/span><\/p>\n<h1 style=\"text-align: left;\"><span style=\"--tcb-applied-color: var$(--tcb-color-14) !important; color: var(--tcb-color-14) !important;\">Transforma tu sonrisa en 10 d\u00edas<\/span><span style=\"--tcb-applied-color: rgb(255, 255, 255) !important; color: rgb(255, 255, 255) !important;\"> con un Makeover de Sonrisa Completo en Canc\u00fan<\/span><span style=\"--tcb-applied-color: var$(--tcb-color-14) !important; color: var(--tcb-color-14) !important;\"><\/span><\/h1>\n<h4 style=\"text-align: left; color: rgb(255, 255, 255) !important; --tcb-applied-color: rgb(255, 255, 255) !important;\"><span style=\"font-weight: normal;\">Con m\u00e1s de 25 a\u00f1os de experiencia en odontolog\u00eda cosm\u00e9tica avanzada y certificaci\u00f3n por el American Board of Oral Implantology (ABOI), nuestra cl\u00ednica en Canc\u00fan ofrece makeovers de sonrisa completos para una transformaci\u00f3n dental duradera.<\/span><\/h4>\n<p><span><img decoding=\"async\" alt=\"\" data-id=\"454\" width=\"100\" data-init-width=\"300\" height=\"127\" data-init-height=\"381\" title=\"CCD_voted1_400px\" src=\"https:\/\/www.cancuncosmeticdentistry.com\/wp-content\/uploads\/2025\/02\/CCD_voted1_400px-1-2.webp\" data-width=\"100\" data-height=\"127\" style=\"aspect-ratio: auto 300 \/ 381;\" data-link-wrap=\"true\" data-pagespeed-url-hash=\"3033312466\" onload=\"pagespeed.CriticalImages.checkImageForCriticality(this);\" loading=\"lazy\"><\/span><span><img decoding=\"async\" alt=\"\" data-id=\"173\" width=\"84\" data-init-width=\"158\" height=\"84\" data-init-height=\"158\" title=\"happy-patients\" src=\"https:\/\/www.cancuncosmeticdentistry.com\/wp-content\/uploads\/2025\/02\/happy-patients-1-2.webp\" data-width=\"84\" data-height=\"84\" style=\"aspect-ratio: auto 158 \/ 158;\" data-pagespeed-url-hash=\"655776566\" onload=\"pagespeed.CriticalImages.checkImageForCriticality(this);\" loading=\"lazy\"><\/span><span><a href=\"https:\/\/www.aboi.org\/diplomate\/516\/german-arzate\" target=\"_blank\" rel=\"noopener\"><img decoding=\"async\" alt=\"\" data-id=\"459\" width=\"100\" data-init-width=\"393\" height=\"96\" data-init-height=\"376\" title=\"ABOI-cert\" src=\"https:\/\/www.cancuncosmeticdentistry.com\/wp-content\/uploads\/2025\/02\/ABOI-cert-1-2.webp\" data-width=\"100\" data-height=\"96\" style=\"aspect-ratio: auto 393 \/ 376;\" data-link-wrap=\"true\" data-pagespeed-url-hash=\"2213040789\" onload=\"pagespeed.CriticalImages.checkImageForCriticality(this);\" loading=\"lazy\"><\/a><\/span><\/p>\n<h2 style=\"text-align: center;\"><span style=\"--tcb-applied-color: rgb(0, 0, 0) !important; color: rgb(0, 0, 0) !important;\">\u00bfQu\u00e9 es exactamente un Makeover de Sonrisa Completo?<\/span><\/h2>\n<p><span><img decoding=\"async\" alt=\"\" data-id=\"1581\" width=\"511\" data-init-width=\"1800\" height=\"598\" data-init-height=\"2106\" title=\"smile-makeover-2\" loading=\"lazy\" src=\"https:\/\/www.cancuncosmeticdentistry.com\/wp-content\/uploads\/2025\/03\/smile-makeover-2.webp\" data-width=\"511\" data-height=\"598\" style=\"aspect-ratio: auto 1800 \/ 2106;\"><\/span><\/p>\n<p data-end=\"6376\" data-start=\"6046\">Un makeover de sonrisa es un plan integral que soluciona m\u00faltiples problemas como la decoloraci\u00f3n, dientes astillados, dientes faltantes o mala alineaci\u00f3n, mediante un enfoque coordinado.<\/p>\n<p data-end=\"6376\" data-start=\"6046\">Cada makeover se personaliza seg\u00fan tus necesidades, utilizando materiales de la m\u00e1s alta calidad y t\u00e9cnicas expertas para garantizar resultados duraderos y de aspecto natural.<\/p>\n<p data-end=\"6420\" data-start=\"6378\"><strong data-end=\"6418\" data-start=\"6378\">\u00bfPor qu\u00e9 conformarse con soluciones temporales?<\/strong><\/p>\n<ul data-end=\"6566\" data-start=\"6421\">\n<li data-end=\"6474\" data-start=\"6421\"><\/li>\n<li data-end=\"970\" data-start=\"905\"><strong data-end=\"935\" data-start=\"907\">El blanqueamiento dental<\/strong> puede desvanecerse en pocos meses.<\/li>\n<li data-end=\"1028\" data-start=\"971\"><strong data-end=\"998\" data-start=\"973\">El bonding con resina<\/strong> suele mancharse o astillarse.<\/li>\n<li data-end=\"1092\" data-start=\"1029\"><strong data-end=\"1058\" data-start=\"1031\">Las carillas <\/strong>pueden fracturarse con el tiempo.<strong data-end=\"6448\" data-start=\"6423\"><\/strong><\/li>\n<\/ul>\n<h2 style=\"text-align: left;\"><strong><span style=\"--tcb-applied-color: rgb(0, 0, 0) !important; color: rgb(0, 0, 0) !important;\">Conoce al Dr. Germ\u00e1n Arzate, Tu Experto en Makeover de Sonrisa<\/span><\/strong><\/h2>\n<p><span><img decoding=\"async\" alt=\"\" data-id=\"314\" width=\"423\" data-init-width=\"462\" height=\"520\" data-init-height=\"567\" title=\"dr-german-arzate-blue-cut\" src=\"https:\/\/www.cancuncosmeticdentistry.com\/wp-content\/uploads\/2024\/10\/dr-german-arzate-blue-cut.webp\" data-width=\"423\" data-height=\"520\" style=\"aspect-ratio: auto 462 \/ 567;\" data-pagespeed-url-hash=\"4034505979\" onload=\"pagespeed.CriticalImages.checkImageForCriticality(this);\" loading=\"lazy\"><\/span><\/p>\n<ul>\n<li style=\"\"><span style=\"\">M\u00e1s de 25 a\u00f1os en odontolog\u00eda cosm\u00e9tica e implantolog\u00eda.<strong><\/strong><\/span><\/li>\n<li style=\"\"><span style=\"\">Formado en EE. UU. y Europa, certificado por el American Board of Oral Implantology (ABOI).<\/span><\/li>\n<\/ul>\n<p><span><img decoding=\"async\" alt=\"\" data-id=\"595\" width=\"80\" data-init-width=\"54\" height=\"80\" data-init-height=\"54\" title=\"soko1965\" src=\"data:image\/webp;base64,UklGRkgFAABXRUJQVlA4WAoAAAAQAAAANQAANQAAQUxQSB8BAAABP8LIbdvI2UpOMvvMfSIi1u8kNdVTnzQCxPq4xhACvE7UrapBEUMNoKFFQIxtW1VzcXd3iLsrxO30XxP2\/t0pIKL\/jty2kaRi790zp6TKb7Ag6fb07OHt+\/v1\/nTSSpmP\/GyhLebjnEXWuVGQy4ZFUntSsNuyBUseK5LDuIWp\/yiiz5KFGMhBP2DfkYvR1n1XIraB3PQ27g05Km7YU79y9BFbHydydbC2NyUJePQsZ9cre1fuqstxJ3cXZlYQIGu2J8DQ7EWAR8sIkegKUdmXkBfnQhzNhbj6EmLxJ8Q7Nagb6hPqj6jqoiqZ6hqoQ6nZgJp5oFmOmlGh2ZtaKaBViVoBodUWWtmhFAElFigdQUkMSn1MwmTS7D9JzlBKNwBWUDggAgQAANARAJ0BKjYANgA+bTCVSCQioiEmFVnYgA2JQBoQ\/2od15kV\/8otilKLnZ0ICSeAGU\/wG0500XyN\/WPsFdJ1O+b2IJVfDdceXUXVj1fnLBrm05Go\/mN9TzhAnVEeLjLinC754mNV8mCi7ZQ4G0Bby6a96FnQ1vclvU\/a+Zpv8sKXM6sFnJ8BgZJ1t06ZbfZ3N\/gEPt8AVyAA\/v98aaaolc\/LQZHveTS\/nUp7rh+YPyvqBEcP9DJr\/3hT89OnjWM\/h9BA32X7VyZXTW7i3P1tTEavM0cuSDVETqwH\/bfoKLoW552lOsPsBGn1QTOP0FK5f8l1ARhd8qDPvLZE\/YU4AOP5cGnCQ0z\/O1yOp11KyXDImgygsvixm1LXZb4IKPpjW9+hJvoB0MC66ARUh9DN\/T6dC3On1diiCcsfucCcvyYrT+GaHHBrJX5USdQYImRCDM6HpJmdAy6GIzyADb6FJ\/deGq+Vi9rTjzWATCWvmvD1YkgAFX6bz7Cd83Nr6AtN5o2Ji\/syuViJ+IkN6PhOZlHtTXnnOusaekEhswMZ4BbrXjklahMWdH2\/oDO5FcSzvQlkXGNKX3LuceQFVQvzNm+FjuCSX5\/XFf70DB3U5Z6W5hCCu7pFzYhMD7bRP2s2tTOu3ghU0R5Zh7hB5Zlyl4dwTttVQV1ldDf3i56gFtCt6fseGe0fTqnu\/wdsQ0tqqs3Z\/\/2RbBOQsN7XdKOeCLr0RmkmFXKinJ0dw+niZy+97RdwwQNe5OvHET4z\/l5Zaz832YdMcfw3uqWCQmEqiEXnb83555J3LgTIu3M4\/0cVMDjnQlyvle8+e7+24WO3Fr+fPzuhTMIAXaQi\/KhxHsO5hbG8dZ26WD2egTk2f87DezCQYAA\/q9b1cg83aJMLW6oahGD\/jb2l4dGEOhc6RmNQsTqRegPto1jJs1y+ih+tX1c9EVbzW7xLP\/78GglubLJw9nkPGU8yRhv\/dQhF3NO7xJJ+N6R+UzBmt4o\/JpKb3KBez\/y5ikD1\/5HUXWGk5VwLekxY6l7H92lg3QvBxk2aaFd9NTtncQ3dsXHRvDH\/9+xcmxnQoX3rWj\/GSP9OD5Ve5Rh\/7\/jzPISVsgQy\/FXEBSrLMH8\/5RudMCW+t8\/G51UXrWOQi8On1uBhYhnBW1yTI5JOndsRrw8RjsgeybFVCD7qx7Q9+OJz0sWmt+fUiMlh32Brw5QYj2CQqfTNLMaURGRrDtmj6NPAbWNOMAKwM99e4nbRp23hHOMFw\/89tIh\/3oCa1PF5U0M4k695wyt\/c\/vyzf4XH\/yu\/4qQlMf8P\/6jc+kfH\/8NKJvFfCN\/inN+L\/\/xp6F\/r\/+UULM6RdltXQfRN411K52lh0CyDAAAAA==\" data-width=\"80\" data-height=\"80\" style=\"aspect-ratio: auto 54 \/ 54;\" data-pagespeed-url-hash=\"527271811\" onload=\"pagespeed.CriticalImages.checkImageForCriticality(this);\" loading=\"lazy\"><\/span><\/p>\n<p style=\"\"><a href=\"https:\/\/maps.app.goo.gl\/Zc8WCWpEB9rDxrzYA\" target=\"_blank\" style=\"outline: none;\" rel=\"noopener\"><strong>soko1965<\/strong><\/a><\/p>\n<p style=\"\"><span style=\"--tcb-applied-color: rgb(0, 0, 0) !important; color: rgb(0, 0, 0) !important; font-size: 20px !important;\">&#8220;Despu\u00e9s de un a\u00f1o de b\u00fasqueda, encontr\u00e9 un video del Dr. Arzate y supe de inmediato que hab\u00eda encontrado mi lugar. Comparte mucha informaci\u00f3n en sus videos.<\/span><\/p>\n<p style=\"\"><span style=\"--tcb-applied-color: rgb(0, 0, 0) !important; color: rgb(0, 0, 0) !important; font-size: 20px !important;\">Envi\u00e9 mis radiograf\u00edas al Dr. Arzate. A cambio, \u00e9l me envi\u00f3 un video en menos de 24 horas explic\u00e1ndome qu\u00e9 tratamientos recomendaba y me ofreci\u00f3 un excelente precio.<\/span><span style=\"--tcb-applied-color: rgb(0, 0, 0) !important; color: rgb(0, 0, 0) !important; font-size: 20px !important;\">&#8220;<\/span><\/p>\n<p><span><img decoding=\"async\" alt=\"\" data-id=\"932\" width=\"596\" data-init-width=\"723\" height=\"82\" data-init-height=\"100\" title=\"all-logos-small-1-1\" src=\"https:\/\/www.cancuncosmeticdentistry.com\/wp-content\/uploads\/2025\/02\/all-logos-small-1-1-1.webp\" data-width=\"596\" data-height=\"82\" style=\"aspect-ratio: auto 723 \/ 100;\" data-pagespeed-url-hash=\"1688487806\" onload=\"pagespeed.CriticalImages.checkImageForCriticality(this);\" loading=\"lazy\"><\/span><\/p>\n<h2 style=\"text-align: center;\"><strong>\u00bfQu\u00e9 tratamientos pueden formar parte de un Makeover de Sonrisa?<\/strong><\/h2>\n<p><span><img decoding=\"async\" alt=\"\" data-id=\"1580\" width=\"1040\" data-init-width=\"1024\" height=\"296\" data-init-height=\"291\" title=\"smile-makeover-1\" loading=\"lazy\" src=\"https:\/\/www.cancuncosmeticdentistry.com\/wp-content\/uploads\/2025\/03\/smile-makeover-1-1024x291.webp\" style=\"aspect-ratio: auto 1024 \/ 291;\" data-width=\"1040\" data-height=\"296\"><\/span><\/p>\n<p data-end=\"305\" data-start=\"0\" style=\"\">En Cancun Cosmetic Dentistry, creamos planes personalizados para cumplir con tus expectativas \u00fanicas.<\/p>\n<p data-end=\"305\" data-start=\"0\" style=\"\"><strong>Nuestro paquete m\u00e1s popular es el Makeover de Sonrisa Completo con coronas de zirconia,<\/strong> a partir de $7,200 USD. En EE. UU., este mismo tratamiento te costar\u00eda al menos $20,000 USD, lo que significa que ahorras miles mientras recibes atenci\u00f3n de clase mundial en el para\u00edso.<\/p>\n<h3 style=\"text-align: left; color: var(--tcb-color-7) !important; --tcb-applied-color: var$(--tcb-color-7) !important;\">Coronas de Zirconia<\/h3>\n<p style=\"text-align: left;\"><strong><strong><span style=\"\">$480 USD cada una<\/span><\/strong><\/strong><\/p>\n","protected":false},"excerpt":{"rendered":"<p>Transforma tu sonrisa en 10 d\u00edas con un Makeover de Sonrisa Completo en Canc\u00fan Con m\u00e1s de 25 a\u00f1os de experiencia en odontolog\u00eda cosm\u00e9tica avanzada y certificaci\u00f3n por el American Board of Oral Implantology (ABOI), nuestra cl\u00ednica en Canc\u00fan ofrece makeovers de sonrisa completos para una transformaci\u00f3n dental duradera. \u00bfQu\u00e9 es exactamente un Makeover de [&hellip;]<\/p>\n","protected":false},"author":1,"featured_media":2597,"parent":0,"menu_order":0,"comment_status":"closed","ping_status":"closed","template":"","meta":{"footnotes":""},"class_list":["post-2897","page","type-page","status-publish","has-post-thumbnail","hentry","post-wrapper","thrv_wrapper"],"_links":{"self":[{"href":"https:\/\/www.cancuncosmeticdentistry.com\/es-us\/wp-json\/wp\/v2\/pages\/2897","targetHints":{"allow":["GET"]}}],"collection":[{"href":"https:\/\/www.cancuncosmeticdentistry.com\/es-us\/wp-json\/wp\/v2\/pages"}],"about":[{"href":"https:\/\/www.cancuncosmeticdentistry.com\/es-us\/wp-json\/wp\/v2\/types\/page"}],"author":[{"embeddable":true,"href":"https:\/\/www.cancuncosmeticdentistry.com\/es-us\/wp-json\/wp\/v2\/users\/1"}],"replies":[{"embeddable":true,"href":"https:\/\/www.cancuncosmeticdentistry.com\/es-us\/wp-json\/wp\/v2\/comments?post=2897"}],"version-history":[{"count":5,"href":"https:\/\/www.cancuncosmeticdentistry.com\/es-us\/wp-json\/wp\/v2\/pages\/2897\/revisions"}],"predecessor-version":[{"id":4013,"href":"https:\/\/www.cancuncosmeticdentistry.com\/es-us\/wp-json\/wp\/v2\/pages\/2897\/revisions\/4013"}],"wp:featuredmedia":[{"embeddable":true,"href":"https:\/\/www.cancuncosmeticdentistry.com\/es-us\/wp-json\/wp\/v2\/media\/2597"}],"wp:attachment":[{"href":"https:\/\/www.cancuncosmeticdentistry.com\/es-us\/wp-json\/wp\/v2\/media?parent=2897"}],"curies":[{"name":"wp","href":"https:\/\/api.w.org\/{rel}","templated":true}]}}