{"id":1686,"date":"2025-03-12T14:26:20","date_gmt":"2025-03-12T19:26:20","guid":{"rendered":"https:\/\/dev.cancuncosmeticdentistry.com\/?page_id=1686"},"modified":"2026-05-05T13:02:03","modified_gmt":"2026-05-05T18:02:03","slug":"la-mejor-clinica-dental-en-cancun-cancun-cosmetic-dentistry","status":"publish","type":"page","link":"https:\/\/www.cancuncosmeticdentistry.com\/es-us\/","title":{"rendered":"La Mejor Cl\u00ednica Dental en Canc\u00fan &#8211; Cancun Cosmetic Dentistry"},"content":{"rendered":"<p><span><img decoding=\"async\" alt=\"\" data-id=\"454\" width=\"84\" data-init-width=\"300\" height=\"106\" data-init-height=\"381\" title=\"CCD_voted1_400px\" src=\"https:\/\/www.cancuncosmeticdentistry.com\/wp-content\/uploads\/2025\/02\/CCD_voted1_400px-1.webp\" data-width=\"84\" data-height=\"106\" style=\"aspect-ratio: auto 300 \/ 381;\" data-link-wrap=\"true\" data-pagespeed-url-hash=\"3033312466\" onload=\"pagespeed.CriticalImages.checkImageForCriticality(this);\" loading=\"lazy\"><\/span><span><img decoding=\"async\" alt=\"\" data-id=\"173\" width=\"84\" data-init-width=\"158\" height=\"84\" data-init-height=\"158\" title=\"happy-patients\" src=\"https:\/\/www.cancuncosmeticdentistry.com\/wp-content\/uploads\/2025\/02\/happy-patients-1.webp\" data-width=\"84\" data-height=\"84\" style=\"aspect-ratio: auto 158 \/ 158;\" data-pagespeed-url-hash=\"655776566\" onload=\"pagespeed.CriticalImages.checkImageForCriticality(this);\" loading=\"lazy\"><\/span><span><a href=\"https:\/\/www.aboi.org\/diplomate\/516\/german-arzate\" target=\"_blank\" rel=\"noopener\"><img decoding=\"async\" alt=\"\" data-id=\"459\" width=\"84\" data-init-width=\"393\" height=\"80\" data-init-height=\"376\" title=\"ABOI-cert\" src=\"https:\/\/www.cancuncosmeticdentistry.com\/wp-content\/uploads\/2025\/02\/ABOI-cert-1.webp\" data-width=\"84\" data-height=\"80\" style=\"aspect-ratio: auto 393 \/ 376;\" data-link-wrap=\"true\" data-pagespeed-url-hash=\"2213040789\" onload=\"pagespeed.CriticalImages.checkImageForCriticality(this);\" loading=\"lazy\"><\/a><\/span><\/p>\n<h1 style=\"text-align: left;\"><span style=\"--tcb-applied-color: var$(--tcb-color-14) !important; color: var(--tcb-color-14) !important;\">Recupera tu Sonrisa en el para\u00edso&nbsp;<\/span><span style=\"--tcb-applied-color: rgb(255, 255, 255) !important; color: rgb(255, 255, 255) !important;\">Con los dentistas en Canc\u00fan pioneros en turismo dental<\/span><\/h1>\n<h4 style=\"text-align: left; color: rgb(255, 255, 255) !important; --tcb-applied-color: rgb(255, 255, 255) !important;\"><span style=\"font-weight: normal;\">M\u00e1s de 25 a\u00f1os de experiencia, certificados por el <\/span>American Board of Implantology de EE. UU.<span style=\"font-weight: normal;\"><br \/><\/span><\/h4>\n<p><span><img decoding=\"async\" alt=\"\" data-id=\"454\" width=\"100\" data-init-width=\"300\" height=\"127\" data-init-height=\"381\" title=\"CCD_voted1_400px\" src=\"https:\/\/www.cancuncosmeticdentistry.com\/wp-content\/uploads\/2025\/02\/CCD_voted1_400px-1.webp\" data-width=\"100\" data-height=\"127\" style=\"aspect-ratio: auto 300 \/ 381;\" data-link-wrap=\"true\" data-pagespeed-url-hash=\"3033312466\" onload=\"pagespeed.CriticalImages.checkImageForCriticality(this);\" loading=\"lazy\"><\/span><span><img decoding=\"async\" alt=\"\" data-id=\"173\" width=\"84\" data-init-width=\"158\" height=\"84\" data-init-height=\"158\" title=\"happy-patients\" src=\"https:\/\/www.cancuncosmeticdentistry.com\/wp-content\/uploads\/2025\/02\/happy-patients-1.webp\" data-width=\"84\" data-height=\"84\" style=\"aspect-ratio: auto 158 \/ 158;\" data-pagespeed-url-hash=\"655776566\" onload=\"pagespeed.CriticalImages.checkImageForCriticality(this);\" loading=\"lazy\"><\/span><span><a href=\"https:\/\/www.aboi.org\/diplomate\/516\/german-arzate\" target=\"_blank\" rel=\"noopener\"><img decoding=\"async\" alt=\"\" data-id=\"459\" width=\"100\" data-init-width=\"393\" height=\"96\" data-init-height=\"376\" title=\"ABOI-cert\" src=\"https:\/\/www.cancuncosmeticdentistry.com\/wp-content\/uploads\/2025\/02\/ABOI-cert-1.webp\" data-width=\"100\" data-height=\"96\" style=\"aspect-ratio: auto 393 \/ 376;\" data-link-wrap=\"true\" data-pagespeed-url-hash=\"2213040789\" onload=\"pagespeed.CriticalImages.checkImageForCriticality(this);\" loading=\"lazy\"><\/a><\/span><span><img decoding=\"async\" alt=\"\" data-id=\"314\" width=\"423\" data-init-width=\"462\" height=\"520\" data-init-height=\"567\" title=\"dr-german-arzate-blue-cut\" src=\"https:\/\/www.cancuncosmeticdentistry.com\/wp-content\/uploads\/2024\/10\/dr-german-arzate-blue-cut.webp\" data-width=\"423\" data-height=\"520\" style=\"aspect-ratio: auto 462 \/ 567;\" data-pagespeed-url-hash=\"4034505979\" onload=\"pagespeed.CriticalImages.checkImageForCriticality(this);\" loading=\"lazy\"><\/span><\/p>\n<h3><strong><span style=\"--tcb-applied-color: rgb(0, 0, 0) !important; color: rgb(0, 0, 0) !important;\">Conoce al Dr. Germ\u00e1n Arzate, nuestro director<br \/><\/span><\/strong><\/h3>\n<ul>\n<li style=\"\"><span style=\"\">Diplomado por el American Board of Oral Implantology (ABOI) en Estados Unidos.<\/span><\/li>\n<li style=\"\"><span style=\"\">Uno de los primeros dentistas mexicanos entrenado personalmente en Portugal por el Dr. Paulo Malo, creador de la t\u00e9cnica All-on-4.<\/span><\/li>\n<li style=\"\"><span style=\"\">M\u00e1s de 25 a\u00f1os de experiencia colocando y restaurando implantes dentales<\/span><\/li>\n<\/ul>\n<p><span><img decoding=\"async\" alt=\"\" data-id=\"1480\" width=\"80\" data-init-width=\"300\" height=\"80\" data-init-height=\"300\" title=\"soko1965\" src=\"https:\/\/www.cancuncosmeticdentistry.com\/wp-content\/uploads\/2025\/02\/soko1965.webp\" data-width=\"80\" data-height=\"80\" style=\"aspect-ratio: auto 300 \/ 300;\" data-pagespeed-url-hash=\"2351947851\" onload=\"pagespeed.CriticalImages.checkImageForCriticality(this);\" loading=\"lazy\"><\/span><\/p>\n<p style=\"\"><a href=\"https:\/\/maps.app.goo.gl\/Zc8WCWpEB9rDxrzYA\" target=\"_blank\" style=\"outline: none;\" rel=\"noopener\"><strong>soko1965<\/strong><\/a><\/p>\n<p style=\"\"><span style=\"--tcb-applied-color: rgb(0, 0, 0) !important; color: rgb(0, 0, 0) !important; font-size: 20px !important;\">&#8220;Despu\u00e9s de un a\u00f1o buscando opciones, encontr\u00e9 un video del Dr. Arzate y supe inmediatamente que hab\u00eda encontrado el lugar ideal. \u00c9l comparte mucha informaci\u00f3n en sus videos.<\/span><\/p>\n<p style=\"\"><span style=\"--tcb-applied-color: rgb(0, 0, 0) !important; color: rgb(0, 0, 0) !important; font-size: 20px !important;\">Le envi\u00e9 mis radiograf\u00edas y en menos de 24 horas me respondi\u00f3 con un video explicando claramente qu\u00e9 tratamientos recomendaba y me dio un excelente precio.<\/span><span style=\"--tcb-applied-color: rgb(0, 0, 0) !important; color: rgb(0, 0, 0) !important; font-size: 20px !important;\">&#8220;<\/span><\/p>\n<p><span><img decoding=\"async\" alt=\"\" data-id=\"932\" width=\"596\" data-init-width=\"723\" height=\"82\" data-init-height=\"100\" title=\"all-logos-small-1-1\" src=\"https:\/\/www.cancuncosmeticdentistry.com\/wp-content\/uploads\/2025\/02\/all-logos-small-1-1-1.webp\" data-width=\"596\" data-height=\"82\" style=\"aspect-ratio: auto 723 \/ 100;\" data-pagespeed-url-hash=\"1688487806\" onload=\"pagespeed.CriticalImages.checkImageForCriticality(this);\" loading=\"lazy\"><\/span><\/p>\n<h2 style=\"text-align: center;\"><strong>Nuestros tratamientos dentales m\u00e1s populares<br \/><\/strong><\/h2>\n<h3 style=\"text-align: left; color: var(--tcb-color-7) !important; --tcb-applied-color: var$(--tcb-color-7) !important;\">Implantes All-on-4<\/h3>\n<p style=\"text-align: left;\"><strong>Desde: <strong><span style=\"\">$10,800 USD<\/span><\/strong><\/strong><br \/>Primera etapa, boca completa.<\/p>\n","protected":false},"excerpt":{"rendered":"<p>Recupera tu Sonrisa en el para\u00edso&nbsp;Con los dentistas en Canc\u00fan pioneros en turismo dental M\u00e1s de 25 a\u00f1os de experiencia, certificados por el American Board of Implantology de EE. UU. Conoce al Dr. Germ\u00e1n Arzate, nuestro director Diplomado por el American Board of Oral Implantology (ABOI) en Estados Unidos. Uno de los primeros dentistas mexicanos [&hellip;]<\/p>\n","protected":false},"author":1,"featured_media":0,"parent":0,"menu_order":0,"comment_status":"closed","ping_status":"closed","template":"","meta":{"footnotes":"","tve_updated_post":"","tve_custom_css":"","tve_user_custom_css":"","tve_globals":{},"tcb2_ready":1,"tcb_editor_enabled":1,"tve_landing_page":"bf1c1f24a56a8d9da2750fe18277c750","_tve_header":"1268","_tve_footer":"0"},"class_list":["post-1686","page","type-page","status-publish","hentry","post-wrapper","thrv_wrapper"],"_links":{"self":[{"href":"https:\/\/www.cancuncosmeticdentistry.com\/es-us\/wp-json\/wp\/v2\/pages\/1686","targetHints":{"allow":["GET"]}}],"collection":[{"href":"https:\/\/www.cancuncosmeticdentistry.com\/es-us\/wp-json\/wp\/v2\/pages"}],"about":[{"href":"https:\/\/www.cancuncosmeticdentistry.com\/es-us\/wp-json\/wp\/v2\/types\/page"}],"author":[{"embeddable":true,"href":"https:\/\/www.cancuncosmeticdentistry.com\/es-us\/wp-json\/wp\/v2\/users\/1"}],"replies":[{"embeddable":true,"href":"https:\/\/www.cancuncosmeticdentistry.com\/es-us\/wp-json\/wp\/v2\/comments?post=1686"}],"version-history":[{"count":9,"href":"https:\/\/www.cancuncosmeticdentistry.com\/es-us\/wp-json\/wp\/v2\/pages\/1686\/revisions"}],"predecessor-version":[{"id":5126,"href":"https:\/\/www.cancuncosmeticdentistry.com\/es-us\/wp-json\/wp\/v2\/pages\/1686\/revisions\/5126"}],"wp:attachment":[{"href":"https:\/\/www.cancuncosmeticdentistry.com\/es-us\/wp-json\/wp\/v2\/media?parent=1686"}],"curies":[{"name":"wp","href":"https:\/\/api.w.org\/{rel}","templated":true}]}}